{"id":3953,"date":"2024-05-17T03:30:22","date_gmt":"2024-05-17T03:30:22","guid":{"rendered":"https:\/\/arnaudpepindonat.com\/?post_type=product&#038;p=3953"},"modified":"2025-01-28T06:25:50","modified_gmt":"2025-01-28T06:25:50","slug":"pamir-pamir-print-00","status":"publish","type":"product","link":"https:\/\/arnaudpepindonat.com\/fr\/produit\/pamir-pamir-print-00","title":{"rendered":"Pamir"},"content":{"rendered":"<p><strong>A4 Print, Numbered and Signed<\/strong><\/p>\n<p>2008 \u2013 Collage, Pamir (Kirghizistan)<\/p>\n<ul>\n<li class=\"styles_listItem__7e0826d8\"><span class=\"styles_box__54ba70e3 styles_text__5c7a80ef styles_body__5c7a80ef\" data-testid=\"ds-box\">Glossy Metallic Print<\/span><\/li>\n<li class=\"styles_listItem__7e0826d8\">Ilford 260g Paper, Iridium Finish<\/li>\n<li class=\"styles_listItem__7e0826d8\">21 x 29,7 cm (A4)<\/li>\n<\/ul>","protected":false},"excerpt":{"rendered":"<p><strong>Tirage A4, num\u00e9rot\u00e9 et sign\u00e9.<\/strong><\/p>\n<p>\u00ab Sous le Pamir coule une rivi\u00e8re qui tel un baiser r\u00e9conforte la solitude. \u00bb<\/p>\n<p>2008 \u2013 Collage, Pamir (Kirghizistan)<\/p>\n<ul>\n<li class=\"styles_listItem__7e0826d8\"><span class=\"styles_box__54ba70e3 styles_text__5c7a80ef styles_body__5c7a80ef\" data-testid=\"ds-box\">Impression m\u00e9tallis\u00e9e brillante<br \/>\n<\/span><\/li>\n<li class=\"styles_listItem__7e0826d8\"><span class=\"styles_box__54ba70e3 styles_text__5c7a80ef styles_body__5c7a80ef\" data-testid=\"ds-box\">Papier <\/span><span id=\"productTitle\" class=\"a-size-large product-title-word-break\">Ilford 260g<\/span><span class=\"styles_box__54ba70e3 styles_text__5c7a80ef styles_body__5c7a80ef\" data-testid=\"ds-box\">, finition en Iridium<\/span><\/li>\n<li class=\"styles_listItem__7e0826d8\">21 x 29,7 cm (A4)<\/li>\n<\/ul>","protected":false},"featured_media":3961,"template":"","meta":[],"product_brand":[],"product_cat":[53],"product_tag":[63,57],"class_list":{"0":"post-3953","1":"product","2":"type-product","3":"status-publish","4":"has-post-thumbnail","6":"product_cat-paper-print","7":"product_tag-collage","8":"product_tag-photo","10":"first","11":"instock","12":"shipping-taxable","13":"purchasable","14":"product-type-simple"},"yoast_head":"<!-- This site is optimized with the Yoast SEO plugin v27.4 - https:\/\/yoast.com\/product\/yoast-seo-wordpress\/ -->\n<title>Pamir - Arnaud Pepin-Donat<\/title>\n<meta name=\"robots\" content=\"index, follow, max-snippet:-1, max-image-preview:large, max-video-preview:-1\" \/>\n<link rel=\"canonical\" href=\"https:\/\/arnaudpepindonat.com\/fr\/produit\/pamir-pamir-print-00\/\" \/>\n<meta property=\"og:locale\" content=\"fr_FR\" \/>\n<meta property=\"og:type\" content=\"article\" \/>\n<meta property=\"og:title\" content=\"Pamir - Arnaud Pepin-Donat\" \/>\n<meta property=\"og:description\" content=\"Tirage A4, num\u00e9rot\u00e9 et sign\u00e9.  \u00ab Sous le Pamir coule une rivi\u00e8re qui tel un baiser r\u00e9conforte la solitude. \u00bb  2008 \u2013 Collage, Pamir (Kirghizistan)   Impression m\u00e9tallis\u00e9e brillante   Papier Ilford 260g, finition en Iridium  21 x 29,7 cm (A4)\" \/>\n<meta property=\"og:url\" content=\"https:\/\/arnaudpepindonat.com\/fr\/produit\/pamir-pamir-print-00\/\" \/>\n<meta property=\"og:site_name\" content=\"Arnaud Pepin-Donat\" \/>\n<meta property=\"article:modified_time\" content=\"2025-01-28T06:25:50+00:00\" \/>\n<meta property=\"og:image\" content=\"https:\/\/arnaudpepindonat.com\/wp-content\/uploads\/2024\/05\/ArnaudPepinDonat-PamirPamir-A4ShopPrint_01a.jpg\" \/>\n\t<meta property=\"og:image:width\" content=\"816\" \/>\n\t<meta property=\"og:image:height\" content=\"816\" \/>\n\t<meta property=\"og:image:type\" content=\"image\/jpeg\" \/>\n<meta name=\"twitter:card\" content=\"summary_large_image\" \/>\n<meta name=\"twitter:label1\" content=\"Dur\u00e9e de lecture estim\u00e9e\" \/>\n\t<meta name=\"twitter:data1\" content=\"1 minute\" \/>\n<script type=\"application\/ld+json\" class=\"yoast-schema-graph\">{\"@context\":\"https:\\\/\\\/schema.org\",\"@graph\":[{\"@type\":\"WebPage\",\"@id\":\"https:\\\/\\\/arnaudpepindonat.com\\\/produit\\\/pamir-pamir-print-00\",\"url\":\"https:\\\/\\\/arnaudpepindonat.com\\\/produit\\\/pamir-pamir-print-00\",\"name\":\"Pamir - Arnaud Pepin-Donat\",\"isPartOf\":{\"@id\":\"https:\\\/\\\/arnaudpepindonat.com\\\/#website\"},\"primaryImageOfPage\":{\"@id\":\"https:\\\/\\\/arnaudpepindonat.com\\\/produit\\\/pamir-pamir-print-00#primaryimage\"},\"image\":{\"@id\":\"https:\\\/\\\/arnaudpepindonat.com\\\/produit\\\/pamir-pamir-print-00#primaryimage\"},\"thumbnailUrl\":\"https:\\\/\\\/i0.wp.com\\\/arnaudpepindonat.com\\\/wp-content\\\/uploads\\\/2024\\\/05\\\/ArnaudPepinDonat-PamirPamir-A4ShopPrint_01a.jpg?fit=816%2C816&ssl=1\",\"datePublished\":\"2024-05-17T03:30:22+00:00\",\"dateModified\":\"2025-01-28T06:25:50+00:00\",\"breadcrumb\":{\"@id\":\"https:\\\/\\\/arnaudpepindonat.com\\\/produit\\\/pamir-pamir-print-00#breadcrumb\"},\"inLanguage\":\"fr-FR\",\"potentialAction\":[{\"@type\":\"ReadAction\",\"target\":[\"https:\\\/\\\/arnaudpepindonat.com\\\/produit\\\/pamir-pamir-print-00\"]}]},{\"@type\":\"ImageObject\",\"inLanguage\":\"fr-FR\",\"@id\":\"https:\\\/\\\/arnaudpepindonat.com\\\/produit\\\/pamir-pamir-print-00#primaryimage\",\"url\":\"https:\\\/\\\/i0.wp.com\\\/arnaudpepindonat.com\\\/wp-content\\\/uploads\\\/2024\\\/05\\\/ArnaudPepinDonat-PamirPamir-A4ShopPrint_01a.jpg?fit=816%2C816&ssl=1\",\"contentUrl\":\"https:\\\/\\\/i0.wp.com\\\/arnaudpepindonat.com\\\/wp-content\\\/uploads\\\/2024\\\/05\\\/ArnaudPepinDonat-PamirPamir-A4ShopPrint_01a.jpg?fit=816%2C816&ssl=1\",\"width\":816,\"height\":816},{\"@type\":\"BreadcrumbList\",\"@id\":\"https:\\\/\\\/arnaudpepindonat.com\\\/produit\\\/pamir-pamir-print-00#breadcrumb\",\"itemListElement\":[{\"@type\":\"ListItem\",\"position\":1,\"name\":\"Home\",\"item\":\"https:\\\/\\\/arnaudpepindonat.com\\\/\"},{\"@type\":\"ListItem\",\"position\":2,\"name\":\"Boutique\",\"item\":\"https:\\\/\\\/arnaudpepindonat.com\\\/boutique\"},{\"@type\":\"ListItem\",\"position\":3,\"name\":\"Pamir\"}]},{\"@type\":\"WebSite\",\"@id\":\"https:\\\/\\\/arnaudpepindonat.com\\\/#website\",\"url\":\"https:\\\/\\\/arnaudpepindonat.com\\\/\",\"name\":\"Arnaud Pepin-Donat\",\"description\":\"Portfolio\",\"potentialAction\":[{\"@type\":\"SearchAction\",\"target\":{\"@type\":\"EntryPoint\",\"urlTemplate\":\"https:\\\/\\\/arnaudpepindonat.com\\\/?s={search_term_string}\"},\"query-input\":{\"@type\":\"PropertyValueSpecification\",\"valueRequired\":true,\"valueName\":\"search_term_string\"}}],\"inLanguage\":\"fr-FR\"}]}<\/script>\n<!-- \/ Yoast SEO plugin. -->","yoast_head_json":{"title":"Pamir - Arnaud Pepin-Donat","robots":{"index":"index","follow":"follow","max-snippet":"max-snippet:-1","max-image-preview":"max-image-preview:large","max-video-preview":"max-video-preview:-1"},"canonical":"https:\/\/arnaudpepindonat.com\/fr\/produit\/pamir-pamir-print-00\/","og_locale":"fr_FR","og_type":"article","og_title":"Pamir - Arnaud Pepin-Donat","og_description":"Tirage A4, num\u00e9rot\u00e9 et sign\u00e9.  \u00ab Sous le Pamir coule une rivi\u00e8re qui tel un baiser r\u00e9conforte la solitude. \u00bb  2008 \u2013 Collage, Pamir (Kirghizistan)   Impression m\u00e9tallis\u00e9e brillante   Papier Ilford 260g, finition en Iridium  21 x 29,7 cm (A4)","og_url":"https:\/\/arnaudpepindonat.com\/fr\/produit\/pamir-pamir-print-00\/","og_site_name":"Arnaud Pepin-Donat","article_modified_time":"2025-01-28T06:25:50+00:00","og_image":[{"width":816,"height":816,"url":"https:\/\/arnaudpepindonat.com\/wp-content\/uploads\/2024\/05\/ArnaudPepinDonat-PamirPamir-A4ShopPrint_01a.jpg","type":"image\/jpeg"}],"twitter_card":"summary_large_image","twitter_misc":{"Dur\u00e9e de lecture estim\u00e9e":"1 minute"},"schema":{"@context":"https:\/\/schema.org","@graph":[{"@type":"WebPage","@id":"https:\/\/arnaudpepindonat.com\/produit\/pamir-pamir-print-00","url":"https:\/\/arnaudpepindonat.com\/produit\/pamir-pamir-print-00","name":"Pamir - Arnaud Pepin-Donat","isPartOf":{"@id":"https:\/\/arnaudpepindonat.com\/#website"},"primaryImageOfPage":{"@id":"https:\/\/arnaudpepindonat.com\/produit\/pamir-pamir-print-00#primaryimage"},"image":{"@id":"https:\/\/arnaudpepindonat.com\/produit\/pamir-pamir-print-00#primaryimage"},"thumbnailUrl":"https:\/\/i0.wp.com\/arnaudpepindonat.com\/wp-content\/uploads\/2024\/05\/ArnaudPepinDonat-PamirPamir-A4ShopPrint_01a.jpg?fit=816%2C816&ssl=1","datePublished":"2024-05-17T03:30:22+00:00","dateModified":"2025-01-28T06:25:50+00:00","breadcrumb":{"@id":"https:\/\/arnaudpepindonat.com\/produit\/pamir-pamir-print-00#breadcrumb"},"inLanguage":"fr-FR","potentialAction":[{"@type":"ReadAction","target":["https:\/\/arnaudpepindonat.com\/produit\/pamir-pamir-print-00"]}]},{"@type":"ImageObject","inLanguage":"fr-FR","@id":"https:\/\/arnaudpepindonat.com\/produit\/pamir-pamir-print-00#primaryimage","url":"https:\/\/i0.wp.com\/arnaudpepindonat.com\/wp-content\/uploads\/2024\/05\/ArnaudPepinDonat-PamirPamir-A4ShopPrint_01a.jpg?fit=816%2C816&ssl=1","contentUrl":"https:\/\/i0.wp.com\/arnaudpepindonat.com\/wp-content\/uploads\/2024\/05\/ArnaudPepinDonat-PamirPamir-A4ShopPrint_01a.jpg?fit=816%2C816&ssl=1","width":816,"height":816},{"@type":"BreadcrumbList","@id":"https:\/\/arnaudpepindonat.com\/produit\/pamir-pamir-print-00#breadcrumb","itemListElement":[{"@type":"ListItem","position":1,"name":"Home","item":"https:\/\/arnaudpepindonat.com\/"},{"@type":"ListItem","position":2,"name":"Boutique","item":"https:\/\/arnaudpepindonat.com\/boutique"},{"@type":"ListItem","position":3,"name":"Pamir"}]},{"@type":"WebSite","@id":"https:\/\/arnaudpepindonat.com\/#website","url":"https:\/\/arnaudpepindonat.com\/","name":"Arnaud Pepin-Donat","description":"Portfolio","potentialAction":[{"@type":"SearchAction","target":{"@type":"EntryPoint","urlTemplate":"https:\/\/arnaudpepindonat.com\/?s={search_term_string}"},"query-input":{"@type":"PropertyValueSpecification","valueRequired":true,"valueName":"search_term_string"}}],"inLanguage":"fr-FR"}]}},"_links":{"self":[{"href":"https:\/\/arnaudpepindonat.com\/fr\/wp-json\/wp\/v2\/product\/3953","targetHints":{"allow":["GET"]}}],"collection":[{"href":"https:\/\/arnaudpepindonat.com\/fr\/wp-json\/wp\/v2\/product"}],"about":[{"href":"https:\/\/arnaudpepindonat.com\/fr\/wp-json\/wp\/v2\/types\/product"}],"wp:featuredmedia":[{"embeddable":true,"href":"https:\/\/arnaudpepindonat.com\/fr\/wp-json\/wp\/v2\/media\/3961"}],"wp:attachment":[{"href":"https:\/\/arnaudpepindonat.com\/fr\/wp-json\/wp\/v2\/media?parent=3953"}],"wp:term":[{"taxonomy":"product_brand","embeddable":true,"href":"https:\/\/arnaudpepindonat.com\/fr\/wp-json\/wp\/v2\/product_brand?post=3953"},{"taxonomy":"product_cat","embeddable":true,"href":"https:\/\/arnaudpepindonat.com\/fr\/wp-json\/wp\/v2\/product_cat?post=3953"},{"taxonomy":"product_tag","embeddable":true,"href":"https:\/\/arnaudpepindonat.com\/fr\/wp-json\/wp\/v2\/product_tag?post=3953"}],"curies":[{"name":"wp","href":"https:\/\/api.w.org\/{rel}","templated":true}]}}